{"id":2938,"date":"2018-09-19T07:09:48","date_gmt":"2018-09-19T07:09:48","guid":{"rendered":"http:\/\/assessorscoordinats.com\/politica-de-privacidad\/"},"modified":"2019-04-02T17:25:15","modified_gmt":"2019-04-02T17:25:15","slug":"politica-de-privacidad","status":"publish","type":"page","link":"https:\/\/assessorscoordinats.com\/es\/politica-de-privacidad\/","title":{"rendered":"Pol\u00edtica de privacidad"},"content":{"rendered":"<h2>POL\u00cdTICA DE PRIVACIDAD<\/h2>\n<p>De conformidad con la <strong>Ley Org\u00e1nica 3\/2018, del 5 de diciembre, de Protecci\u00f3n de Datos Personales y Garant\u00edas de los Derechos Digitales,<\/strong> y del Reglamento (UE) 2016\/679, de 27 de abril de 2016, relativo a la protecci\u00f3n de las personas f\u00edsicas en lo que respecta al tratamiento de datos personales ya la libre circulaci\u00f3n de estos datos, <strong>ASSESSORS COORDINATS, SL<\/strong> informa a los Usuarios que naveguen y accedan al sitio web <a href=\"http:\/\/www.assessorscoordinats.com\">www.assessorscoordinats.com<\/a> sobre los tratamientos de datos personales realizados:<\/p>\n<h3>Responsable<\/h3>\n<p><strong>ASSESSORS COORDINATS,SL<\/strong><br \/>\nB63539621<br \/>\nC\/ \u00c0ngel Guimer\u00e0, 64 BAIXOS &#8211; 08241 Manresa (Barcelona)<\/p>\n<h3>Finalidad<\/h3>\n<p>Gestionar los datos a los que la empresa accede como consecuencia de la navegaci\u00f3n, consulta y \/ o solicitud, as\u00ed como la contrataci\u00f3n de servicios a trav\u00e9s del sitio web y, en su caso enviar comunicaciones comerciales.<\/p>\n<h3>Legitimaci\u00f3n<\/h3>\n<p>Execuci\u00f3n de un contrato.<\/p>\n<h3>Destinatarios<\/h3>\n<p>No se ceder\u00e1n los datos a terceros, salvo obligaci\u00f3n legal.<\/p>\n<h3>Derechos<\/h3>\n<p>Acceder, rectificar y suprimir los datos, as\u00ed como los dem\u00e1s derechos regulados en el Reglamento (UE) 679\/2016 pueden ser ejercidos dirigi\u00e9ndose al siguiente domicilio: C \/ \u00c0ngel Guimer\u00e0, 64 Bajos, 08241 Manresa (Barcelona) o en la siguiente direcci\u00f3n de correo electr\u00f3nico <a href=\"mailto:info@assessorscoordinats.com\"><strong>info@assessorscoordinats.com<\/strong><\/a><\/p>\n<h3>Conservaci\u00f3n<\/h3>\n<p>En caso de que el usuario s\u00f3lo haga una consulta sus datos no ser\u00e1n utilizados para ning\u00fan otro motivo aparte de gestionar la respuesta.<\/p>\n<p>Antes del env\u00edo de cualquier solicitud de informaci\u00f3n a trav\u00e9s del correo electr\u00f3nico de contacto de esta p\u00e1gina web, el usuario debe aceptar la pol\u00edtica de privacidad y las condiciones de uso de la misma, con el fin prestar el consentimiento expreso e informado por el tratamiento de los datos con las finalidades indicadas.<\/p>\n<p>Los datos personales que el Usuario facilita <strong>ASSESSORS COORDINATS, SL<\/strong> deben ser actuales para que la informaci\u00f3n de los registros est\u00e9 actualiza y sin errores. El Usuario responder\u00e1 de la veracidad de los datos facilitados.<\/p>\n<h3>Menores de edad<\/h3>\n<p>Menores de edad<\/p>\n<p>Los menores de 18 a\u00f1os no pueden ceder sus datos personales a <strong>ASSESSORS COORDINATS, SL<\/strong> sin el previo consentimiento de sus padres y \/ o tutores legales.<\/p>\n<p>En caso que <strong>ASSESSORS COORDINATS, SL<\/strong> detect\u00e9s que el usuario es menor de 18 a\u00f1os se reserva el derecho a solicitar una copia de su DNI o documento de identidad equivalente, o en su caso, la autorizaci\u00f3n de sus padres y \/ o tutores legales, causando baja en caso de no acreditar el cumplimiento de este requisito o falta de respuesta.<\/p>\n<h3>\u00bfQu\u00e9 medidas de seguridad tiene implantada la empresa?<\/h3>\n<p><strong>ASSESSORS COORDINATS, SL<\/strong> informa que tiene implantadas las medidas de seguridad de \u00edndole t\u00e9cnica y organizativas necesarias que garanticen la seguridad de los datos de car\u00e1cter personal del Usuario y eviten su alteraci\u00f3n, p\u00e9rdida, tratamiento y \/ o acceso no autorizado de acuerdo con el estado de la tecnolog\u00eda, la naturaleza de los datos almacenados y los riesgos a que est\u00e1n expuestos, ya provengan de la acci\u00f3n humana o del medio f\u00edsico o natural, de conformidad con lo previsto en la normativa vigente.<\/p>\n","protected":false},"excerpt":{"rendered":"<p>POL\u00cdTICA DE PRIVACIDAD De conformidad con la Ley Org\u00e1nica 3\/2018, del 5 de diciembre, de Protecci\u00f3n de Datos Personales y [&hellip;]<\/p>\n","protected":false},"author":1,"featured_media":0,"parent":0,"menu_order":0,"comment_status":"closed","ping_status":"closed","template":"","meta":{"footnotes":""},"yst_prominent_words":[],"class_list":["post-2938","page","type-page","status-publish","hentry"],"_links":{"self":[{"href":"https:\/\/assessorscoordinats.com\/es\/wp-json\/wp\/v2\/pages\/2938\/"}],"collection":[{"href":"https:\/\/assessorscoordinats.com\/es\/wp-json\/wp\/v2\/pages\/"}],"about":[{"href":"https:\/\/assessorscoordinats.com\/es\/wp-json\/wp\/v2\/types\/page\/"}],"author":[{"embeddable":true,"href":"https:\/\/assessorscoordinats.com\/es\/wp-json\/wp\/v2\/users\/1\/"}],"replies":[{"embeddable":true,"href":"https:\/\/assessorscoordinats.com\/es\/wp-json\/wp\/v2\/comments\/?post=2938"}],"version-history":[{"count":2,"href":"https:\/\/assessorscoordinats.com\/es\/wp-json\/wp\/v2\/pages\/2938\/revisions\/"}],"predecessor-version":[{"id":2946,"href":"https:\/\/assessorscoordinats.com\/es\/wp-json\/wp\/v2\/pages\/2938\/revisions\/2946\/"}],"wp:attachment":[{"href":"https:\/\/assessorscoordinats.com\/es\/wp-json\/wp\/v2\/media\/?parent=2938"}],"wp:term":[{"taxonomy":"yst_prominent_words","embeddable":true,"href":"https:\/\/assessorscoordinats.com\/es\/wp-json\/wp\/v2\/yst_prominent_words\/?post=2938"}],"curies":[{"name":"wp","href":"https:\/\/api.w.org\/{rel}","templated":true}]}}