{"id":2933,"date":"2019-01-17T09:04:27","date_gmt":"2019-01-17T09:04:27","guid":{"rendered":"http:\/\/assessorscoordinats.com\/politica-de-cookies\/"},"modified":"2019-04-02T17:26:16","modified_gmt":"2019-04-02T17:26:16","slug":"politica-de-cookies","status":"publish","type":"page","link":"https:\/\/assessorscoordinats.com\/es\/politica-de-cookies\/","title":{"rendered":"Pol\u00edtica de Cookies"},"content":{"rendered":"<h3>1. \u00bfQu\u00e9 son las cookies y por qu\u00e9 las utilizamos en la Web?<\/h3>\n<p>Una cookie es un archivo que se descarga en el dispositivo del usuario al acceder a determinados sitio web para almacenar y recuperar informaci\u00f3n sobre la navegaci\u00f3n que se efect\u00faa desde su equipo.<br \/>\nLas cookies permiten a esta web, entre otras cosas, almacenar y recuperar informaci\u00f3n sobre las decisiones y h\u00e1bitos del usuario. Al presente web las cookies que existen son necesarias para el funcionamiento de \u00e9sta.<br \/>\nEs importante destacar que el uso de cookies no proporciona datos personales del usuario.<\/p>\n<h3>2. \u00bfQu\u00e9 tipo de cookies existen?<\/h3>\n<p>Las cookies, en funci\u00f3n del tiempo que permanecen activadas, pueden dividirse en cookies de sesi\u00f3n o permanentes:<\/p>\n<h4>\u2022 Cookies de sesi\u00f3n y persistentes:<\/h4>\n<p>Las Cookies de sesi\u00f3n son dise\u00f1adas para recaudar y almacenar datos mientras el usuario accede a una p\u00e1gina web. Se suelen emplear para almacenar informaci\u00f3n que solamente interesa conservar para la prestaci\u00f3n del servicio solicitado por el usuario en una sola ocasi\u00f3n. En el caso de las persistentes, los datos siguen almacenados en el dispositivo durante un periodo de tiempo determinado, facilitando as\u00ed el control de las preferencias elegidas sin volver que repetir ciertos par\u00e1metros cada vez que se visita el sitio web.<\/p>\n<p>Adicionalmente, seg\u00fan la entidad que las gestione, las cookies pueden clasificarse en propias o de tercero:<\/p>\n<h4>\u2022 Cookies propias o de terceros:<\/h4>\n<p>Las Cookies propias son aquellas que se env\u00edan al equipo terminal del usuario desde un equipo o dominio gestionado por el propio editor y desde el que se presta el servicio solicitado por el usuario. En cambio, las cookies de terceros son aquellas que se env\u00edan al terminal del usuario desde un equipo o dominio que no es gestionado por el editor, sino por un otra entidad que trata los datos obtenidos a trav\u00e9s de las cookies.<\/p>\n<p>En cuanto a ello, las cookies pueden ser:<\/p>\n<h4>\u2022 Cookies t\u00e9cnicas \/ personalizaci\u00f3n \/ an\u00e1lisis \/ publicitarias:<\/h4>\n<p>Las cookies t\u00e9cnicas ser\u00edan las que permiten controlar el tr\u00e1fico y la comunicaci\u00f3n de datos; las de personalizaci\u00f3n, las que dejan a los usuarios acceder seg\u00fan algunas caracter\u00edsticas propias que se recogen (navegador, idioma, etc.). Las de an\u00e1lisis son aquellas que permiten al responsable de las mismas, el seguimiento y el tama\u00f1o del comportamiento de los usuarios de los sitios web a los que est\u00e1n vinculadas, recogen datos sobre el comportamiento de los usuarios y permiten elaborar un perfil de usuario. Finalmente, las publicitarias recogen datos sobre la gesti\u00f3n de los espacios publicitarios<\/p>\n<h3>3. \u00bfQu\u00e9 tipo de cookies utiliza la p\u00e1gina web?<\/h3>\n<p>En concreto, este Sitio Web utiliza:<\/p>\n<p><strong> Google Analytics<\/strong>, Una herramienta de anal\u00edtica que ofrece el tercer Google Inc., ubicado en Estados Unidos. Anal\u00edtica Google utiliza cookies propias de notificar las interacciones de los usuarios en el sitio Web, almacenamiento de informaci\u00f3n no personal identificable. Los navegadores no comparten las cookies de origen a trav\u00e9s de diferentes dominios. El usuario puede consultar esta informaci\u00f3n sobre el uso de cookies a <a href=\"https:\/\/support.google.com\/analytics\/answer\/6004245\" target=\"_blank\" rel=\"noopener\">Google Analytics<\/a>.<\/p>\n<p><strong> El Abogado<\/strong>, Cookies utilizadas para controlar las peticiones de autenticaci\u00f3n de p\u00e1ginas web basado en java; ayuda a mantener asociada la sesi\u00f3n del Usuario en el sitio web; detectar las caracter\u00edsticas del navegador del usuario y mejorar su experiencia de uso.<\/p>\n<h3>4. \u00bfComo deshabilitar las cookies del navegador?<\/h3>\n<p>El usuario puede configurar su navegador para no aceptar el uso de cookies, en este caso la personalizaci\u00f3n de la experiencia no se aplicar\u00eda. Si se selecciona esta configuraci\u00f3n puede que no se pueda acceder a ciertas partes del sitio web, ya que puede causar una navegaci\u00f3n menos eficaz.<br \/>\nLa mayor\u00eda de navegadores actualmente permiten al usuario configurar si desean aceptar cookies y cu\u00e1les de estas. Estos par\u00e1metros normalmente se encuentran en los \u00abpar\u00e1metros\u00bb o \u00abpreferencias\u00bb del men\u00fa de su navegador.<br \/>\nInternet Explorer desde aqu\u00ed: <a href=\"http:\/\/windows.microsoft.com\/es-es\/internet-explorer\/delete-manage-cookies#ie=ie-10\" target=\"_blank\" rel=\"noopener\">http:\/\/windows.microsoft.com\/es-es\/internet-explorer\/delete-manage-cookies#ie=ie-10<\/a><br \/>\nGoogle Chrome desde aqu\u00ed: <a href=\"http:\/\/support.google.com\/chrome\/bin\/answer.py?hl=es&amp;answer=95647\" target=\"_blank\" rel=\"noopener\">http:\/\/support.google.com\/chrome\/bin\/answer.py?hl=es&amp;answer=95647<\/a><br \/>\nSafari desde aqu\u00ed: <a href=\"https:\/\/support.apple.com\/kb\/ph17191?locale=es_ES\" target=\"_blank\" rel=\"noopener\">https:\/\/support.apple.com\/kb\/ph17191?locale=es_ES<\/a><br \/>\nOpera desde aqu\u00ed: <a href=\"http:\/\/help.opera.com\/Windows\/11.50\/es-ES\/cookies.html\" target=\"_blank\" rel=\"noopener\">http:\/\/help.opera.com\/Windows\/11.50\/es-ES\/cookies.html<\/a><\/p>\n","protected":false},"excerpt":{"rendered":"<p>1. \u00bfQu\u00e9 son las cookies y por qu\u00e9 las utilizamos en la Web? Una cookie es un archivo que se [&hellip;]<\/p>\n","protected":false},"author":1,"featured_media":0,"parent":0,"menu_order":0,"comment_status":"closed","ping_status":"closed","template":"","meta":{"footnotes":""},"yst_prominent_words":[],"class_list":["post-2933","page","type-page","status-publish","hentry"],"_links":{"self":[{"href":"https:\/\/assessorscoordinats.com\/es\/wp-json\/wp\/v2\/pages\/2933\/"}],"collection":[{"href":"https:\/\/assessorscoordinats.com\/es\/wp-json\/wp\/v2\/pages\/"}],"about":[{"href":"https:\/\/assessorscoordinats.com\/es\/wp-json\/wp\/v2\/types\/page\/"}],"author":[{"embeddable":true,"href":"https:\/\/assessorscoordinats.com\/es\/wp-json\/wp\/v2\/users\/1\/"}],"replies":[{"embeddable":true,"href":"https:\/\/assessorscoordinats.com\/es\/wp-json\/wp\/v2\/comments\/?post=2933"}],"version-history":[{"count":4,"href":"https:\/\/assessorscoordinats.com\/es\/wp-json\/wp\/v2\/pages\/2933\/revisions\/"}],"predecessor-version":[{"id":2953,"href":"https:\/\/assessorscoordinats.com\/es\/wp-json\/wp\/v2\/pages\/2933\/revisions\/2953\/"}],"wp:attachment":[{"href":"https:\/\/assessorscoordinats.com\/es\/wp-json\/wp\/v2\/media\/?parent=2933"}],"wp:term":[{"taxonomy":"yst_prominent_words","embeddable":true,"href":"https:\/\/assessorscoordinats.com\/es\/wp-json\/wp\/v2\/yst_prominent_words\/?post=2933"}],"curies":[{"name":"wp","href":"https:\/\/api.w.org\/{rel}","templated":true}]}}