{"id":2915,"date":"2014-05-21T00:52:03","date_gmt":"2014-05-21T00:52:03","guid":{"rendered":"http:\/\/assessorscoordinats.com\/assessoria-manresa\/"},"modified":"2021-03-01T13:24:24","modified_gmt":"2021-03-01T13:24:24","slug":"assessoria-manresa","status":"publish","type":"page","link":"https:\/\/assessorscoordinats.com\/es\/assessoria-manresa\/","title":{"rendered":"Servicios"},"content":{"rendered":"<h2 class=\"page-heading\">Qu\u00e9 hacemos<\/h2>\n<p>En Assessors Coordinats le ofrecemos una gesti\u00f3n integral para su negocio o empresa en todos los \u00e1mbitos. Por eso tenemos especialistas con todo tipo de conocimientos y experiencia en el asesoramiento empresarial.<br \/>\nAs\u00ed mismo Assessors Coordinats forma parte de asociaciones de profesionales del derecho como UNILAW y colabora asiduamente con bufetes de abogados, entidades financieras y compa\u00f1\u00edas aseguradoras.<br \/>\nPor todo esto, contamos con oficinas en Manresa y Barcelona con un equipo de profesionales permanente actualizados y con los mejores medios t\u00e9cnicos del mercado.<\/p>\n<div class=\"accordion-container\"> <div class=\"accordion-title\"><strong>Asesor\u00eda financiera y contable<\/strong><span class=\"ac-indicator\"><\/span><\/div><div class=\"pane\"><\/p>\n<ul>\n<li>Asesoramiento en contabilidad y control de costes<\/li>\n<li>An\u00e1lisis de estados financieros (balances, cuenta de explotaci\u00f3n, memoria, etc.)<\/li>\n<li>Estudios de viabilidad y planes de empresa<\/li>\n<li>Estudio y an\u00e1lisis de proyectos de inversi\u00f3n y financiamiento<\/li>\n<li>Valoraci\u00f3n y compraventa de empresas<\/li>\n<li>Asesoramiento financiero, diagnostico y reestructuraci\u00f3n financiera: an\u00e1lisis financiera de la empresa, c\u00e1lculo y evaluaci\u00f3n de los niveles de endeudamiento, recursos propios, periodos medios de pago y de cobro<\/li>\n<li>Elaboraci\u00f3n de proyectos financieros, an\u00e1lisis de flujos de caja (cash-flow), y elaboraci\u00f3n de previsiones y necesidades de liquidez<\/li>\n<li>Asesoramiento y planificaci\u00f3n fiscal: simulaciones fiscales, asesoramiento patrimonial y planificaci\u00f3n sucesoria<\/li>\n<li>Auditoria de cuentas<\/li>\n<li>Implantaciones inform\u00e1ticas<\/li>\n<li>Confecci\u00f3n de la contabilidad de la empresa y del pan contable exclusivo para la actividad o sector de la empresa: creaci\u00f3n del balance y de la cuenta de explotaci\u00f3n, confecci\u00f3n de les libros oficiales de contabilidad, elaboraci\u00f3n del estado de flujos efectivo (EFE) y del estado de cambio en el patrimonio Neto (ECPN), cierre trimestral de les registros de IVA y IRPF<\/li>\n<li>Como a sistema alternativo ofrecemos a las empresas que no cuenten de la estructura suficiente, la posibilidad de confeccionar toda la contabilidad en nuestro despacho<\/li>\n<li>Asesoramiento activo en r\u00e9gimen de asistencia peri\u00f3dica en la propia empresa: resoluci\u00f3n de todo tipo de dudas contables, ya sea mediante visitas a la empresa como telef\u00f3nicamente<\/li>\n<li>Dise\u00f1o de sistemas contables en peque\u00f1as y medianas empresas<\/li>\n<li>Gesti\u00f3n de operaciones vinculadas<\/li>\n<li>Seguimiento contables y control de gesti\u00f3n<\/li>\n<li>Informaci\u00f3n y supervisi\u00f3n peri\u00f3dica sobre la legislaci\u00f3n en materia fiscal-contable<\/li>\n<\/ul>\n<p><div class=\"clear\"><\/div><\/div><div class=\"accordion-title\"><strong>Asesor\u00eda Laboral<\/strong><span class=\"ac-indicator\"><\/span><\/div><div class=\"pane\"><\/p>\n<ul>\n<li>Asesoramiento y gesti\u00f3n laboral<\/li>\n<li>Capitalizaci\u00f3n de prestaciones de desocupaci\u00f3n<\/li>\n<li>Confecci\u00f3n de n\u00f3minas y contratos de trabajo<\/li>\n<li>Cotizaciones a la Seguridad Social<\/li>\n<li>Inspecciones de trabajo<\/li>\n<li>Relaciones colectivas y negocios de convenio<\/li>\n<li>Tramitaci\u00f3n expedientes de jubilaci\u00f3n, viudedad, orfandad, invalidez, despidos, desocupaci\u00f3n<\/li>\n<li>Tramitaci\u00f3n frente mutuas de accidentes de trabajo<\/li>\n<li>Tramitaci\u00f3n afiliaci\u00f3n al RETA<\/li>\n<li>Estudios de costes laborales y de seguridad social<\/li>\n<li>Prevenci\u00f3n de riesgos laborales<\/li>\n<li>Asistencia al SMAC<\/li>\n<li>Reclamaciones judiciales para da\u00f1os laborales<\/li>\n<\/ul>\n<p><div class=\"clear\"><\/div><\/div> <div class=\"accordion-title\"><strong>Servicios tributarios<\/strong><span class=\"ac-indicator\"><\/span><\/div><div class=\"pane\"><\/p>\n<ul>\n<li>Diagnostico, asesoramiento y planificaci\u00f3n fiscal anual y seguimiento de las obligaciones impositivas<\/li>\n<li>Comprobaci\u00f3n del cumplimiento de las obligaciones legales de la empresa a fin de evitar la responsabilidad del \u00f3rgano de administraci\u00f3n<\/li>\n<li>Estudio y confecci\u00f3n del plan fiscal de cada ejercicio para poder aprovechar la m\u00e1xima econom\u00eda fiscal<\/li>\n<li>Gesti\u00f3n y tramitaci\u00f3n de impuestos: confecci\u00f3n y presentaci\u00f3n de todas las obligaciones fiscales de car\u00e1cter peri\u00f3dico(mod 303, mod 115, mod 202, mod 349, mod 123, etc.) y de car\u00e1cter anual(mod 390, mod 201, mod 180, mod 193, mod 347, mod 184, etc.)<\/li>\n<li>Confecci\u00f3n y presentaci\u00f3n delante del Registro Mercantil de los libros oficiales y cuentas anuales, juntamente con la certificaci\u00f3n correspondiente de aprobaci\u00f3n de cuentas<\/li>\n<li>Procedimientos tributarios<\/li>\n<li>Representaci\u00f3n, defensa y asistencia delante \u00f1a Inspecci\u00f3n Tributaria, as\u00ed como, la interposici\u00f3n y seguimiento de todo tipo de reclamaciones administrativas y de recursos delante de los \u00f3rganos jurisdiccionales<\/li>\n<li>Control y archivo digital de la situaci\u00f3n de los socios\/accionistas y de los \u00f3rganos de administraci\u00f3n, juntamente con los vencimientos de la diversa documentaci\u00f3n legal, autorizaciones, permisos administrativos, contratos y escrituras<\/li>\n<li>Asistencia a Juntas<\/li>\n<li>Revisi\u00f3n diaria del BOE, BORME, DOGC, BOP, para comprobar las publicaciones que puedan generar alguna incidencia a la empresa<\/li>\n<li>Establecimiento y mantenimiento de las relaciones con las diversas Administraciones Publicas<\/li>\n<li>Publicaci\u00f3n de circulares mensuales sobre informaci\u00f3n de inter\u00e9s<\/li>\n<\/ul>\n<p><div class=\"clear\"><\/div><\/div> <div class=\"accordion-title\"><strong>Servicios jur\u00eddicos<\/strong><span class=\"ac-indicator\"><\/span><\/div><div class=\"pane\"><br \/>\n<strong>PROCESAL CIVIL PARA RECLAMACIONES DIVERSAS Y EJERCICIO DE ACCIONES REALES<\/strong><\/p>\n<ul>\n<li>Asistencia letrada de todo tipo de procesos civiles delante juzgados y tribunales<\/li>\n<li>Asesoramiento en reclamaciones judiciales de cantidad: procedimiento ordinario, verbal o monitorio, y tramites para la rectificaci\u00f3n del IVA y cobro de la deuda m\u00e1s los gastos y los intereses devengados<\/li>\n<li>Reclamaciones de cantidad mediante requerimiento notarial, reconocimiento notarial y tramites para la rectificaci\u00f3n del IVA y de cobro de la deuda m\u00e1s los gastos y los intereses devengados<\/li>\n<li>Procesos de ejecuci\u00f3n: asesoramiento en ejecuciones hipotecarias, subastas, letras de cambio, cheques y pagar\u00e9s; ejecuci\u00f3n provisional y definitiva de resoluciones judiciales<\/li>\n<li>Procesos de desahucio por incumplimiento de contrato de arrendamiento o expiraci\u00f3n del contrato, por precarios<\/li>\n<li>Asesoramiento y negociaciones de contratos bancarios, y reclamaci\u00f3n amistosa o judicial por abusos bancarios de todo tipo<\/li>\n<li>Acci\u00f3n de divisi\u00f3n de la cosa com\u00fan, asesoramiento en fase amistosa o contenciosa, hasta la resoluci\u00f3n e inscripci\u00f3n registral<\/li>\n<\/ul>\n<p><strong>FAMILIA, MATRIMONIAL Y SUCESIONES<\/strong><\/p>\n<ul>\n<li>Asesoramiento previo, negociaciones y judicial en separaci\u00f3n o divorcio de mutuo acuerdo, escritura notarial de divorcio o extinci\u00f3n de pareja de hecho, en su caso, y modificaci\u00f3n de medidas definitivas, ejecuci\u00f3n en materia matrimonial, etc.<\/li>\n<li>Asesoramiento derivado de la extinci\u00f3n del condominio derivado de la extinci\u00f3n del matrimonio o pareja de hecho, liquidaci\u00f3n de impuestos en su caso, negociaciones de garant\u00edas con entidades bancarias y gestiones hasta la inscripci\u00f3n registral<\/li>\n<li>Procesos sobre la capacidad de las personas: incapacitaci\u00f3n y nombramiento de tutor, rendici\u00f3n de cuentas, etc.<\/li>\n<li>Procesos sobre autorizaci\u00f3n judicial de menores y personas con la capacidad modificada<\/li>\n<li>Procesos judiciales de declaraci\u00f3n de herederos, interrogatio in iure, reclamaci\u00f3n de leg\u00edtima, etc.<\/li>\n<\/ul>\n<p><strong>ASESORAMIENTO MERCANTIL<\/strong><\/p>\n<ul>\n<li>Asesoramiento mercantil y societario en la constituci\u00f3n, modificaci\u00f3n de estatutos sociales, fusi\u00f3n, absorci\u00f3n y disoluci\u00f3n de sociedades de todos tipos<\/li>\n<li>Reestructuraci\u00f3n de grupos de empresa<\/li>\n<li>Preparaci\u00f3n y asistencia a juntas de socios \/ accionistas, as\u00ed como los \u00f3rganos de administraci\u00f3n: convocatoria, adopci\u00f3n e impugnaci\u00f3n de acuerdos de junta<\/li>\n<li>Nombramiento, sustituci\u00f3n y modificaci\u00f3n de los \u00f3rganos de gobierno de las sociedades<\/li>\n<li>Due diligence y auditor\u00edas legales<\/li>\n<\/ul>\n<p>&nbsp;<\/p>\n<p><div class=\"clear\"><\/div><\/div> <div class=\"accordion-title\"><strong>Certificado digital y nuevas tecnolog\u00edas<\/strong><span class=\"ac-indicator\"><\/span><\/div><div class=\"pane\"><\/p>\n<ul>\n<li>Assessors Coordinats es Autoridad de Registro y puede emitir certificados digitales para personas f\u00edsicas y personas jur\u00eddicas<\/li>\n<p><div class=\"clear\"><\/div><\/div><div class=\"accordion-title\"><strong>Licencia medioambiental<\/strong><span class=\"ac-indicator\"><\/span><\/div><div class=\"pane\"><\/p>\n<p>&nbsp;<\/p>\n<ul>\n<li>Asesoramiento sobre el proceso de adaptaci\u00f3n a la normativa establecida por el Departamento de Medio Ambiente y Vivienda de la Generalidad de Catalu\u00f1a, aplicable a todas las actividades existentes en Catalunya<\/li>\n<\/ul>\n<p>&nbsp;<\/p>\n<p><div class=\"clear\"><\/div><\/div><div class=\"accordion-title\"><strong>Asesoramiento inmobiliario<\/strong><span class=\"ac-indicator\"><\/span><\/div><div class=\"pane\"><\/p>\n<p>&nbsp;<\/p>\n<ul>\n<li>Asesoramiento fiscal y financiero para la compraventa de inmuebles, administraci\u00f3n de gestiones derivadas del otorgamiento de escrituras p\u00fablicas correspondientes, y liquidaciones de impuestos hasta su total inscripci\u00f3n en los registros correspondientes<\/li>\n<li>Redacci\u00f3n de contratos de compraventa, permutas, traspasos y arrendamientos destinados a vivienda o locales de negocio, as\u00ed como aumentos de IPC, rescisiones de contratos, etc.<\/li>\n<li>Gesti\u00f3n de fianzas y recibos de alquileres, as\u00ed como de comunidades de bienes y comunidades de propietarios entre otros<\/li>\n<\/ul>\n<p>&nbsp;<\/p>\n<p><div class=\"clear\"><\/div><\/div><div class=\"accordion-title\"><strong>Otros<\/strong><span class=\"ac-indicator\"><\/span><\/div><div class=\"pane\"><\/p>\n<ul>\n<li>Subvenciones a la empresa<\/li>\n<li>Junta de residuos, junta de saneamientos<\/li>\n<li>Apertura de nueva actividad<br \/>\nnormas ISO<\/li>\n<\/ul>\n<p>&nbsp;<\/p>\n<p><div class=\"clear\"><\/div><\/div><\/div>\n","protected":false},"excerpt":{"rendered":"<p>Qu\u00e9 hacemos En Assessors Coordinats le ofrecemos una gesti\u00f3n integral para su negocio o empresa en todos los \u00e1mbitos. Por [&hellip;]<\/p>\n","protected":false},"author":1,"featured_media":0,"parent":0,"menu_order":0,"comment_status":"open","ping_status":"closed","template":"","meta":{"footnotes":""},"yst_prominent_words":[],"class_list":["post-2915","page","type-page","status-publish","hentry"],"_links":{"self":[{"href":"https:\/\/assessorscoordinats.com\/es\/wp-json\/wp\/v2\/pages\/2915\/"}],"collection":[{"href":"https:\/\/assessorscoordinats.com\/es\/wp-json\/wp\/v2\/pages\/"}],"about":[{"href":"https:\/\/assessorscoordinats.com\/es\/wp-json\/wp\/v2\/types\/page\/"}],"author":[{"embeddable":true,"href":"https:\/\/assessorscoordinats.com\/es\/wp-json\/wp\/v2\/users\/1\/"}],"replies":[{"embeddable":true,"href":"https:\/\/assessorscoordinats.com\/es\/wp-json\/wp\/v2\/comments\/?post=2915"}],"version-history":[{"count":6,"href":"https:\/\/assessorscoordinats.com\/es\/wp-json\/wp\/v2\/pages\/2915\/revisions\/"}],"predecessor-version":[{"id":2975,"href":"https:\/\/assessorscoordinats.com\/es\/wp-json\/wp\/v2\/pages\/2915\/revisions\/2975\/"}],"wp:attachment":[{"href":"https:\/\/assessorscoordinats.com\/es\/wp-json\/wp\/v2\/media\/?parent=2915"}],"wp:term":[{"taxonomy":"yst_prominent_words","embeddable":true,"href":"https:\/\/assessorscoordinats.com\/es\/wp-json\/wp\/v2\/yst_prominent_words\/?post=2915"}],"curies":[{"name":"wp","href":"https:\/\/api.w.org\/{rel}","templated":true}]}}