{"id":2909,"date":"2014-05-21T02:57:47","date_gmt":"2014-05-21T02:57:47","guid":{"rendered":"http:\/\/assessorscoordinats.com\/professionals\/"},"modified":"2019-04-02T17:22:51","modified_gmt":"2019-04-02T17:22:51","slug":"professionals","status":"publish","type":"page","link":"https:\/\/assessorscoordinats.com\/es\/professionals\/","title":{"rendered":"Profesionales"},"content":{"rendered":"<div class=\"services-wrapper services-default cols-wrapper cols-3 pexeto-parallax\"><div class=\"services-box col\"><div class=\"img-container\"><img decoding=\"async\" src=\"https:\/\/assessorscoordinats.com\/wp-content\/uploads\/motserrat-clop.png\" alt=\"Montserrat Clop Serarols\"\/><\/div><div class=\"services-content\"><div class=\"sc-wraper\"><h3>Montserrat Clop Serarols<\/h3><p>Titulo de Graduado Social en la Escuela Social de Barcelona. M\u00e1ster en Derecho del Trabajo y de la Seguridad Social en la Universidad Pompeu Fabra de Barcelona. Miembro del Colegio de Graduados Sociales de Barcelona. Especializada en Derecho Laboral, actuaciones delante la Inspiraci\u00f3n de Trabajo, C.E.M.A.C., asistencia delante el Juzgado del Social en representaci\u00f3n de todo tipo de actos.<\/p><\/div><\/div><\/div><div class=\"services-box col\"><div class=\"img-container\"><img decoding=\"async\" src=\"https:\/\/assessorscoordinats.com\/wp-content\/uploads\/delia-jorda-assessors.png\" alt=\"Delia Jorda Nacher\"\/><\/div><div class=\"services-content\"><div class=\"sc-wraper\"><h3>Delia Jorda Nacher<\/h3><p>Profesor Mercantil en la Escuela Profesional de Comercio de Alicante. Auditor-Censor Jurado de Cuentas. Graduado Social en la Escuela Social de Barcelona. Diploma de estudios en Derecho Cooperativo. Agente de la Propiedad Inmobiliaria. Miembro de la Asociaci\u00f3n Espa\u00f1ola de Asesores Fiscales de Barcelona (A.E.D.A.F.).<\/p><\/div><\/div><\/div><div class=\"services-box col nomargin\"><div class=\"img-container\"><img decoding=\"async\" src=\"https:\/\/assessorscoordinats.com\/wp-content\/uploads\/rosa-maria-clop.png\" alt=\"Rosa Maria Marcobal Clop\"\/><\/div><div class=\"services-content\"><div class=\"sc-wraper\"><h3>Rosa Maria Marcobal Clop<\/h3><p>Titulo Universitario Oficial de Graduada Social - Diplomada.\r\nEscuela de Barcelona (centro adscrito)\r\nEspecializada en Derecho Laboral, actuaciones delante la Inspecci\u00f3n de Trabajo, C.E.M.A.C., asistencia delante del Juzgado del Social en representaci\u00f3n de todo tipo de actos.<\/p><\/div><\/div><\/div><div class=\"services-box col\"><div class=\"img-container\"><img decoding=\"async\" src=\"https:\/\/assessorscoordinats.com\/wp-content\/uploads\/sonia-armada.png\" alt=\"Sonia Armada Jorda\"\/><\/div><div class=\"services-content\"><div class=\"sc-wraper\"><h3>Sonia Armada Jorda<\/h3><p>Licenciatura en Administraci\u00f3n y Direcci\u00f3n de empresas (IQS). Postgrado en Asesor\u00eda y Gesti\u00f3n Tributaria en la escuela de negocios ESADE. Postgrado en Comercio Internacional en la Fundaci\u00f3 Universit\u00e0ria del Bages (FUB). Curso M\u00e1ster en software de gesti\u00f3n de empresa (SAP).\r\nEspecializada en asesoramiento fiscal y tributario.<\/p><\/div><\/div><\/div><div class=\"services-box col nomargin\"><div class=\"img-container\"><img decoding=\"async\" src=\"https:\/\/assessorscoordinats.com\/wp-content\/uploads\/miriam-armaba-assessors.png\" alt=\"Miriam Armada Jorda\"\/><\/div><div class=\"services-content\"><div class=\"sc-wraper\"><h3>Miriam Armada Jorda<\/h3><p>Abogada del Ilustre Colegio de Abogados de Barcelona (ICAB) con ejercicio des de 2005.\r\nLicenciatura-Master Derecho 1995-2000 ESADE Business & Law School. M\u00e1ster en practica jur\u00eddica internacional a I.S.D.E 2001-2001. Curso especializaci\u00f3n derecho procesal civil y oratoria 2004-2005 Universidad Pompeu Fabra. Curso derechos de los consumidores y contrataci\u00f3n electr\u00f3nico 2011 al ICAB.\r\nEspecializada en Derecho procesal civil, reclamaciones de cantidad, derecho de familia y sucesiones, y asesoramiento mercantil, inmobiliario, y en Protecci\u00f3n de Datos y LSSI.<\/p><\/div><\/div><\/div><div class=\"clear\"><\/div><\/div>\n<div class=\"section-full-width section-light2\" style=\"background-color:#f7f7f7;\" id=\"conocem\u00e1ssobrenosotros\"><div class=\"section-boxed\" style=\"color:#777777;\"><h2 class=\"section-title\" style=\"color:#252525;\">Conoce m\u00e1s sobre nosotros<\/h2><h4 style=\"color:#252525;\" class=\"sub-title\">Assessors Coordinats<\/h4><p>&nbsp;<\/p>\n<p>&nbsp;<\/p>\n<div class=\"services-wrapper services-thumbnail pexeto-parallax\"><div class=\"services-box col\"><div class=\"thumbnail-wrapper\"><div class=\"services-img\" style=\"background-image:url(https:\/\/assessorscoordinats.com\/wp-content\/uploads\/serveisassessors-1-235x235.jpg)\"><\/div><div class=\"services-content\"><div class=\"sc-wraper\"><h3><a href=\"https:\/\/assessorscoordinats.com\/es\/assessoria-manresa\/\">Servicios<\/a><\/h3><\/div><\/div><\/div><\/div><div class=\"services-box col\"><div class=\"thumbnail-wrapper\"><div class=\"services-img\" style=\"background-image:url(https:\/\/assessorscoordinats.com\/wp-content\/uploads\/Informacio_Interes-235x235.jpg)\"><\/div><div class=\"services-content\"><div class=\"sc-wraper\"><h3><a href=\"https:\/\/assessorscoordinats.com\/es\/informacio-interes\/\">Informaci\u00f3n de inter\u00e9s<\/a><\/h3><\/div><\/div><\/div><\/div><div class=\"services-box col\"><div class=\"thumbnail-wrapper\"><div class=\"services-img\" style=\"background-image:url(https:\/\/assessorscoordinats.com\/wp-content\/uploads\/manresa_assessors-235x235.jpg)\"><\/div><div class=\"services-content\"><div class=\"sc-wraper\"><h3><a href=\"https:\/\/assessorscoordinats.com\/es\/contacte-2\/\">Contacto<\/a><\/h3><\/div><\/div><\/div><\/div><div class=\"clear\"><\/div><\/div>\n<p>\n<\/div><\/div>\n","protected":false},"excerpt":{"rendered":"","protected":false},"author":1,"featured_media":0,"parent":0,"menu_order":0,"comment_status":"open","ping_status":"closed","template":"template-full-custom.php","meta":{"footnotes":""},"yst_prominent_words":[],"class_list":["post-2909","page","type-page","status-publish","hentry"],"_links":{"self":[{"href":"https:\/\/assessorscoordinats.com\/es\/wp-json\/wp\/v2\/pages\/2909\/"}],"collection":[{"href":"https:\/\/assessorscoordinats.com\/es\/wp-json\/wp\/v2\/pages\/"}],"about":[{"href":"https:\/\/assessorscoordinats.com\/es\/wp-json\/wp\/v2\/types\/page\/"}],"author":[{"embeddable":true,"href":"https:\/\/assessorscoordinats.com\/es\/wp-json\/wp\/v2\/users\/1\/"}],"replies":[{"embeddable":true,"href":"https:\/\/assessorscoordinats.com\/es\/wp-json\/wp\/v2\/comments\/?post=2909"}],"version-history":[{"count":4,"href":"https:\/\/assessorscoordinats.com\/es\/wp-json\/wp\/v2\/pages\/2909\/revisions\/"}],"predecessor-version":[{"id":2914,"href":"https:\/\/assessorscoordinats.com\/es\/wp-json\/wp\/v2\/pages\/2909\/revisions\/2914\/"}],"wp:attachment":[{"href":"https:\/\/assessorscoordinats.com\/es\/wp-json\/wp\/v2\/media\/?parent=2909"}],"wp:term":[{"taxonomy":"yst_prominent_words","embeddable":true,"href":"https:\/\/assessorscoordinats.com\/es\/wp-json\/wp\/v2\/yst_prominent_words\/?post=2909"}],"curies":[{"name":"wp","href":"https:\/\/api.w.org\/{rel}","templated":true}]}}